{"id":1137,"date":"2022-09-04T23:42:19","date_gmt":"2022-09-04T23:42:19","guid":{"rendered":"https:\/\/www.psicree.com\/Propuesta\/talleres-y-capacitaciones-copy\/"},"modified":"2025-03-24T19:15:48","modified_gmt":"2025-03-24T19:15:48","slug":"convenuios-y-consultoria","status":"publish","type":"page","link":"https:\/\/www.psicree.com\/Propuesta\/convenuios-y-consultoria\/","title":{"rendered":"Convenios y Consultor\u00eda"},"content":{"rendered":"\t\t<div data-elementor-type=\"wp-post\" data-elementor-id=\"1137\" class=\"elementor elementor-1137\">\n\t\t\t\t\t\t<section class=\"elementor-section elementor-top-section elementor-element elementor-element-4eb72ed elementor-section-boxed elementor-section-height-default elementor-section-height-default\" data-id=\"4eb72ed\" data-element_type=\"section\" data-settings=\"{&quot;background_background&quot;:&quot;classic&quot;,&quot;animation&quot;:&quot;none&quot;}\">\n\t\t\t\t\t\t<div class=\"elementor-container elementor-column-gap-custom\">\n\t\t\t\t\t<div class=\"elementor-column elementor-col-100 elementor-top-column elementor-element elementor-element-403e01e\" data-id=\"403e01e\" data-element_type=\"column\">\n\t\t\t<div class=\"elementor-widget-wrap elementor-element-populated\">\n\t\t\t\t\t\t<div class=\"elementor-element elementor-element-bfd9f25 elementor-widget__width-initial elementor-widget-mobile__width-initial elementor-widget elementor-widget-heading\" data-id=\"bfd9f25\" data-element_type=\"widget\" data-widget_type=\"heading.default\">\n\t\t\t\t<div class=\"elementor-widget-container\">\n\t\t\t\t\t<h4 class=\"elementor-heading-title elementor-size-default\"><br><br>CONVENIOS Y CONSULTOR\u00cdA<br><br><br><br><\/h4>\t\t\t\t<\/div>\n\t\t\t\t<\/div>\n\t\t\t\t\t<\/div>\n\t\t<\/div>\n\t\t\t\t\t<\/div>\n\t\t<\/section>\n\t\t\t\t<section class=\"elementor-section elementor-top-section elementor-element elementor-element-bc945e1 elementor-section-content-middle elementor-section-boxed elementor-section-height-default elementor-section-height-default\" data-id=\"bc945e1\" data-element_type=\"section\" data-settings=\"{&quot;background_background&quot;:&quot;classic&quot;}\">\n\t\t\t\t\t\t<div class=\"elementor-container elementor-column-gap-extended\">\n\t\t\t\t\t<div class=\"elementor-column elementor-col-50 elementor-top-column elementor-element elementor-element-da0be16\" data-id=\"da0be16\" data-element_type=\"column\">\n\t\t\t<div class=\"elementor-widget-wrap elementor-element-populated\">\n\t\t\t\t\t\t<div class=\"elementor-element elementor-element-d94374c elementor-widget-tablet__width-initial elementor-view-default elementor-widget elementor-widget-icon\" data-id=\"d94374c\" data-element_type=\"widget\" data-widget_type=\"icon.default\">\n\t\t\t\t<div class=\"elementor-widget-container\">\n\t\t\t\t\t\t\t<div class=\"elementor-icon-wrapper\">\n\t\t\t<div class=\"elementor-icon\">\n\t\t\t<i aria-hidden=\"true\" class=\"far fa-bookmark\"><\/i>\t\t\t<\/div>\n\t\t<\/div>\n\t\t\t\t\t\t<\/div>\n\t\t\t\t<\/div>\n\t\t\t\t\t<\/div>\n\t\t<\/div>\n\t\t\t\t<div class=\"elementor-column elementor-col-50 elementor-top-column elementor-element elementor-element-6f1eb38\" data-id=\"6f1eb38\" data-element_type=\"column\">\n\t\t\t<div class=\"elementor-widget-wrap elementor-element-populated\">\n\t\t\t\t\t\t<div class=\"elementor-element elementor-element-08b53b4 elementor-widget-tablet__width-initial elementor-widget elementor-widget-text-editor\" data-id=\"08b53b4\" data-element_type=\"widget\" data-widget_type=\"text-editor.default\">\n\t\t\t\t<div class=\"elementor-widget-container\">\n\t\t\t\t\t\t\t\t\tLa mejora continua en las instituciones es un valor fundamental, para mejorar los procesos que se llevan a cabo dentro de las instituciones, en particular el buscar el bienestar emocional de los empleados que beneficia en la motivaci\u00f3n y los resultados \u00f3ptimos dentro de las instituciones.\n\nSe busca el bienestar de las personas e instituciones, reconocer y disfrutar de sus capacidades as\u00ed como habilidades, promueve el potencial y fortalezas para enfrentar dificultades, as\u00ed como brindar herramientas de vida, se fomenta el autoconocimiento y autoestima, relaciones positivas, disfrutar de la vida, crecimiento y mejora continua.\n\n\t\t\t\t\t\t\t\t<\/div>\n\t\t\t\t<\/div>\n\t\t\t\t\t<\/div>\n\t\t<\/div>\n\t\t\t\t\t<\/div>\n\t\t<\/section>\n\t\t\t\t<section class=\"elementor-section elementor-top-section elementor-element elementor-element-6975164 elementor-section-boxed elementor-section-height-default elementor-section-height-default\" data-id=\"6975164\" data-element_type=\"section\" data-settings=\"{&quot;background_background&quot;:&quot;classic&quot;}\">\n\t\t\t\t\t\t<div class=\"elementor-container elementor-column-gap-default\">\n\t\t\t\t\t<div class=\"elementor-column elementor-col-50 elementor-top-column elementor-element elementor-element-c0a979a\" data-id=\"c0a979a\" data-element_type=\"column\">\n\t\t\t<div class=\"elementor-widget-wrap elementor-element-populated\">\n\t\t\t\t\t\t<div class=\"elementor-element elementor-element-cb84f91 elementor-widget elementor-widget-spacer\" data-id=\"cb84f91\" data-element_type=\"widget\" data-widget_type=\"spacer.default\">\n\t\t\t\t<div class=\"elementor-widget-container\">\n\t\t\t\t\t\t\t<div class=\"elementor-spacer\">\n\t\t\t<div class=\"elementor-spacer-inner\"><\/div>\n\t\t<\/div>\n\t\t\t\t\t\t<\/div>\n\t\t\t\t<\/div>\n\t\t\t\t<div class=\"elementor-element elementor-element-c8edea6 elementor-view-default elementor-widget elementor-widget-icon\" data-id=\"c8edea6\" data-element_type=\"widget\" data-widget_type=\"icon.default\">\n\t\t\t\t<div class=\"elementor-widget-container\">\n\t\t\t\t\t\t\t<div class=\"elementor-icon-wrapper\">\n\t\t\t<div class=\"elementor-icon\">\n\t\t\t<i aria-hidden=\"true\" class=\"fas fa-check-circle\"><\/i>\t\t\t<\/div>\n\t\t<\/div>\n\t\t\t\t\t\t<\/div>\n\t\t\t\t<\/div>\n\t\t\t\t<div class=\"elementor-element elementor-element-e86b975 elementor-widget__width-initial elementor-widget elementor-widget-text-editor\" data-id=\"e86b975\" data-element_type=\"widget\" data-widget_type=\"text-editor.default\">\n\t\t\t\t<div class=\"elementor-widget-container\">\n\t\t\t\t\t\t\t\t\t<p>Nuestros servicios fomentan personas con equilibrio y bienestar en sus diversas \u00e1reas de vida; Por medio de alianzas en instituciones, ofrecemos diferentes servicios para una vida plena y una mejor calidad de vida, propiciando la salud y el crecimiento integral, ayudando a desarrollar habilidades con el fin de llegar a la autorrealizaci\u00f3n y el \u00e9xito empresarial que a su vez fortalece a las instituciones para tener salud y armon\u00eda, optimizando los servicios y desempe\u00f1o laboral.<\/p><p>Trabajamos en procesos estandarizados y programas personalizados, a trav\u00e9s de una detecci\u00f3n de las necesidades de su empresa o instituci\u00f3n.<\/p><p>Se propone un programa de trabajo dentro de la instituci\u00f3n a trav\u00e9s de una previa detecci\u00f3n de necesidades, posterior a ello un especialista(s) en el \u00e1rea acompa\u00f1a al personal en esta mejora continua.<\/p>\t\t\t\t\t\t\t\t<\/div>\n\t\t\t\t<\/div>\n\t\t\t\t<div class=\"elementor-element elementor-element-b8fd9f6 elementor-widget elementor-widget-spacer\" data-id=\"b8fd9f6\" data-element_type=\"widget\" data-widget_type=\"spacer.default\">\n\t\t\t\t<div class=\"elementor-widget-container\">\n\t\t\t\t\t\t\t<div class=\"elementor-spacer\">\n\t\t\t<div class=\"elementor-spacer-inner\"><\/div>\n\t\t<\/div>\n\t\t\t\t\t\t<\/div>\n\t\t\t\t<\/div>\n\t\t\t\t\t<\/div>\n\t\t<\/div>\n\t\t\t\t<div class=\"elementor-column elementor-col-50 elementor-top-column elementor-element elementor-element-31ed045\" data-id=\"31ed045\" data-element_type=\"column\">\n\t\t\t<div class=\"elementor-widget-wrap\">\n\t\t\t\t\t\t\t<\/div>\n\t\t<\/div>\n\t\t\t\t\t<\/div>\n\t\t<\/section>\n\t\t\t\t<section class=\"elementor-section elementor-top-section elementor-element elementor-element-62d42e4c elementor-section-content-middle elementor-section-boxed elementor-section-height-default elementor-section-height-default\" data-id=\"62d42e4c\" data-element_type=\"section\" data-settings=\"{&quot;background_background&quot;:&quot;classic&quot;}\">\n\t\t\t\t\t\t<div class=\"elementor-container elementor-column-gap-no\">\n\t\t\t\t\t<div class=\"elementor-column elementor-col-50 elementor-top-column elementor-element elementor-element-5189a1d8\" data-id=\"5189a1d8\" data-element_type=\"column\">\n\t\t\t<div class=\"elementor-widget-wrap elementor-element-populated\">\n\t\t\t\t\t\t<div class=\"elementor-element elementor-element-70e7ea4b elementor-widget__width-initial elementor-widget elementor-widget-heading\" data-id=\"70e7ea4b\" data-element_type=\"widget\" data-widget_type=\"heading.default\">\n\t\t\t\t<div class=\"elementor-widget-container\">\n\t\t\t\t\t<h4 class=\"elementor-heading-title elementor-size-default\">Beneficios<\/h4>\t\t\t\t<\/div>\n\t\t\t\t<\/div>\n\t\t\t\t\t<\/div>\n\t\t<\/div>\n\t\t\t\t<div class=\"elementor-column elementor-col-50 elementor-top-column elementor-element elementor-element-62841f84\" data-id=\"62841f84\" data-element_type=\"column\">\n\t\t\t<div class=\"elementor-widget-wrap elementor-element-populated\">\n\t\t\t\t\t\t<div class=\"elementor-element elementor-element-acfd7e1 elementor-widget elementor-widget-text-editor\" data-id=\"acfd7e1\" data-element_type=\"widget\" data-widget_type=\"text-editor.default\">\n\t\t\t\t<div class=\"elementor-widget-container\">\n\t\t\t\t\t\t\t\t\t<ul><li>Bienestar emocional en el personal de la empresa.<\/li><li>Mantener un equilibrio entre la vida personal y laboral.<\/li><li>Reducir el ausentismo y la baja de personal.<\/li><li>Fomentar personas m\u00e1s \u00edntegras en los diferentes \u00e1mbitos de vida.<\/li><li>Buscar mejores resultados dentro de la instituci\u00f3n.<\/li><li>Forma lideres integrales.<\/li><li>Lleva al \u00e9xito a la instituci\u00f3n.<\/li><li>Fomenta la mejora continua y retroalimentaci\u00f3n.<\/li><li>Fortalece y mejora procesos.<\/li><li>Mayor productividad en la instituci\u00f3n.<\/li><li>Previene situaciones laborales.<\/li><li>Mejora la calidad de las personas y da satisfacci\u00f3n personal.<\/li><li>Fomenta la responsabilidad personal y laboral.<\/li><li>Soluciones, estrategias efectivas y afectivas.<\/li><li>Asertividad y autoconocimiento, seguridad y autoestima.<\/li><\/ul>\t\t\t\t\t\t\t\t<\/div>\n\t\t\t\t<\/div>\n\t\t\t\t\t<\/div>\n\t\t<\/div>\n\t\t\t\t\t<\/div>\n\t\t<\/section>\n\t\t\t\t<\/div>\n\t\t","protected":false},"excerpt":{"rendered":"<p>CONVENIOS Y CONSULTOR\u00cdA La mejora continua en las instituciones es un valor fundamental, para mejorar los procesos que se llevan a cabo dentro de las instituciones, en particular el buscar el bienestar emocional de los empleados que beneficia en la motivaci\u00f3n y los resultados \u00f3ptimos dentro de las instituciones. Se busca el bienestar de las [&hellip;]<\/p>\n","protected":false},"author":1,"featured_media":0,"parent":0,"menu_order":0,"comment_status":"closed","ping_status":"closed","template":"","meta":{"site-sidebar-layout":"no-sidebar","site-content-layout":"page-builder","ast-site-content-layout":"default","site-content-style":"default","site-sidebar-style":"default","ast-global-header-display":"","ast-banner-title-visibility":"","ast-main-header-display":"","ast-hfb-above-header-display":"","ast-hfb-below-header-display":"","ast-hfb-mobile-header-display":"","site-post-title":"disabled","ast-breadcrumbs-content":"","ast-featured-img":"disabled","footer-sml-layout":"","theme-transparent-header-meta":"default","adv-header-id-meta":"","stick-header-meta":"","header-above-stick-meta":"","header-main-stick-meta":"","header-below-stick-meta":"","astra-migrate-meta-layouts":"default","ast-page-background-enabled":"default","ast-page-background-meta":{"desktop":{"background-color":"","background-image":"","background-repeat":"repeat","background-position":"center center","background-size":"auto","background-attachment":"scroll","background-type":"","background-media":"","overlay-type":"","overlay-color":"","overlay-opacity":"","overlay-gradient":""},"tablet":{"background-color":"","background-image":"","background-repeat":"repeat","background-position":"center center","background-size":"auto","background-attachment":"scroll","background-type":"","background-media":"","overlay-type":"","overlay-color":"","overlay-opacity":"","overlay-gradient":""},"mobile":{"background-color":"","background-image":"","background-repeat":"repeat","background-position":"center center","background-size":"auto","background-attachment":"scroll","background-type":"","background-media":"","overlay-type":"","overlay-color":"","overlay-opacity":"","overlay-gradient":""}},"ast-content-background-meta":{"desktop":{"background-color":"var(--ast-global-color-5)","background-image":"","background-repeat":"repeat","background-position":"center center","background-size":"auto","background-attachment":"scroll","background-type":"","background-media":"","overlay-type":"","overlay-color":"","overlay-opacity":"","overlay-gradient":""},"tablet":{"background-color":"var(--ast-global-color-5)","background-image":"","background-repeat":"repeat","background-position":"center center","background-size":"auto","background-attachment":"scroll","background-type":"","background-media":"","overlay-type":"","overlay-color":"","overlay-opacity":"","overlay-gradient":""},"mobile":{"background-color":"var(--ast-global-color-5)","background-image":"","background-repeat":"repeat","background-position":"center center","background-size":"auto","background-attachment":"scroll","background-type":"","background-media":"","overlay-type":"","overlay-color":"","overlay-opacity":"","overlay-gradient":""}},"footnotes":""},"class_list":["post-1137","page","type-page","status-publish","hentry"],"_links":{"self":[{"href":"https:\/\/www.psicree.com\/Propuesta\/wp-json\/wp\/v2\/pages\/1137","targetHints":{"allow":["GET"]}}],"collection":[{"href":"https:\/\/www.psicree.com\/Propuesta\/wp-json\/wp\/v2\/pages"}],"about":[{"href":"https:\/\/www.psicree.com\/Propuesta\/wp-json\/wp\/v2\/types\/page"}],"author":[{"embeddable":true,"href":"https:\/\/www.psicree.com\/Propuesta\/wp-json\/wp\/v2\/users\/1"}],"replies":[{"embeddable":true,"href":"https:\/\/www.psicree.com\/Propuesta\/wp-json\/wp\/v2\/comments?post=1137"}],"version-history":[{"count":10,"href":"https:\/\/www.psicree.com\/Propuesta\/wp-json\/wp\/v2\/pages\/1137\/revisions"}],"predecessor-version":[{"id":1308,"href":"https:\/\/www.psicree.com\/Propuesta\/wp-json\/wp\/v2\/pages\/1137\/revisions\/1308"}],"wp:attachment":[{"href":"https:\/\/www.psicree.com\/Propuesta\/wp-json\/wp\/v2\/media?parent=1137"}],"curies":[{"name":"wp","href":"https:\/\/api.w.org\/{rel}","templated":true}]}}