{"id":1052,"date":"2022-04-10T03:54:56","date_gmt":"2022-04-10T03:54:56","guid":{"rendered":"https:\/\/www.psicree.com\/Propuesta\/nosotros-copy\/"},"modified":"2025-03-24T19:05:50","modified_gmt":"2025-03-24T19:05:50","slug":"psicoterapia","status":"publish","type":"page","link":"https:\/\/www.psicree.com\/Propuesta\/psicoterapia\/","title":{"rendered":"Psicoterapia"},"content":{"rendered":"\t\t<div data-elementor-type=\"wp-post\" data-elementor-id=\"1052\" class=\"elementor elementor-1052\">\n\t\t\t\t\t\t<section class=\"elementor-section elementor-top-section elementor-element elementor-element-4eb72ed elementor-section-content-middle elementor-section-boxed elementor-section-height-default elementor-section-height-default\" data-id=\"4eb72ed\" data-element_type=\"section\" data-settings=\"{&quot;background_background&quot;:&quot;classic&quot;,&quot;animation&quot;:&quot;none&quot;}\">\n\t\t\t\t\t\t<div class=\"elementor-container elementor-column-gap-extended\">\n\t\t\t\t\t<div class=\"elementor-column elementor-col-100 elementor-top-column elementor-element elementor-element-403e01e\" data-id=\"403e01e\" data-element_type=\"column\">\n\t\t\t<div class=\"elementor-widget-wrap elementor-element-populated\">\n\t\t\t\t\t\t<div class=\"elementor-element elementor-element-7162c48 elementor-widget elementor-widget-spacer\" data-id=\"7162c48\" data-element_type=\"widget\" data-widget_type=\"spacer.default\">\n\t\t\t\t<div class=\"elementor-widget-container\">\n\t\t\t\t\t\t\t<div class=\"elementor-spacer\">\n\t\t\t<div class=\"elementor-spacer-inner\"><\/div>\n\t\t<\/div>\n\t\t\t\t\t\t<\/div>\n\t\t\t\t<\/div>\n\t\t\t\t<div class=\"elementor-element elementor-element-bfd9f25 elementor-widget elementor-widget-heading\" data-id=\"bfd9f25\" data-element_type=\"widget\" data-widget_type=\"heading.default\">\n\t\t\t\t<div class=\"elementor-widget-container\">\n\t\t\t\t\t<h2 class=\"elementor-heading-title elementor-size-default\">PSICOTERAPIA<\/h2>\t\t\t\t<\/div>\n\t\t\t\t<\/div>\n\t\t\t\t\t<\/div>\n\t\t<\/div>\n\t\t\t\t\t<\/div>\n\t\t<\/section>\n\t\t\t\t<section class=\"elementor-section elementor-top-section elementor-element elementor-element-bc945e1 elementor-section-content-middle elementor-section-boxed elementor-section-height-default elementor-section-height-default\" data-id=\"bc945e1\" data-element_type=\"section\" data-settings=\"{&quot;background_background&quot;:&quot;classic&quot;}\">\n\t\t\t\t\t\t<div class=\"elementor-container elementor-column-gap-extended\">\n\t\t\t\t\t<div class=\"elementor-column elementor-col-50 elementor-top-column elementor-element elementor-element-da0be16\" data-id=\"da0be16\" data-element_type=\"column\">\n\t\t\t<div class=\"elementor-widget-wrap elementor-element-populated\">\n\t\t\t\t\t\t<div class=\"elementor-element elementor-element-d94374c elementor-widget-tablet__width-initial elementor-view-default elementor-widget elementor-widget-icon\" data-id=\"d94374c\" data-element_type=\"widget\" data-widget_type=\"icon.default\">\n\t\t\t\t<div class=\"elementor-widget-container\">\n\t\t\t\t\t\t\t<div class=\"elementor-icon-wrapper\">\n\t\t\t<div class=\"elementor-icon\">\n\t\t\t<i aria-hidden=\"true\" class=\"far fa-bookmark\"><\/i>\t\t\t<\/div>\n\t\t<\/div>\n\t\t\t\t\t\t<\/div>\n\t\t\t\t<\/div>\n\t\t\t\t\t<\/div>\n\t\t<\/div>\n\t\t\t\t<div class=\"elementor-column elementor-col-50 elementor-top-column elementor-element elementor-element-6f1eb38\" data-id=\"6f1eb38\" data-element_type=\"column\">\n\t\t\t<div class=\"elementor-widget-wrap elementor-element-populated\">\n\t\t\t\t\t\t<div class=\"elementor-element elementor-element-08b53b4 elementor-widget-tablet__width-initial elementor-widget elementor-widget-text-editor\" data-id=\"08b53b4\" data-element_type=\"widget\" data-widget_type=\"text-editor.default\">\n\t\t\t\t<div class=\"elementor-widget-container\">\n\t\t\t\t\t\t\t\t\t<p>Los problemas emocionales son dificultades en el proceso de autorregulaci\u00f3n que impiden a las personas desarrollarse de forma adecuada. Es aqu\u00ed donde la psicoterapia permite que la persona se conozca, gestione sus emociones y pensamientos de manera positiva, y aprenda a vivir en equilibrio de manera plena.<\/p>\t\t\t\t\t\t\t\t<\/div>\n\t\t\t\t<\/div>\n\t\t\t\t\t<\/div>\n\t\t<\/div>\n\t\t\t\t\t<\/div>\n\t\t<\/section>\n\t\t\t\t<section class=\"elementor-section elementor-top-section elementor-element elementor-element-6975164 elementor-section-boxed elementor-section-height-default elementor-section-height-default\" data-id=\"6975164\" data-element_type=\"section\" data-settings=\"{&quot;background_background&quot;:&quot;classic&quot;}\">\n\t\t\t\t\t\t<div class=\"elementor-container elementor-column-gap-default\">\n\t\t\t\t\t<div class=\"elementor-column elementor-col-50 elementor-top-column elementor-element elementor-element-c0a979a\" data-id=\"c0a979a\" data-element_type=\"column\">\n\t\t\t<div class=\"elementor-widget-wrap elementor-element-populated\">\n\t\t\t\t\t\t<div class=\"elementor-element elementor-element-12280d2 elementor-widget elementor-widget-spacer\" data-id=\"12280d2\" data-element_type=\"widget\" data-widget_type=\"spacer.default\">\n\t\t\t\t<div class=\"elementor-widget-container\">\n\t\t\t\t\t\t\t<div class=\"elementor-spacer\">\n\t\t\t<div class=\"elementor-spacer-inner\"><\/div>\n\t\t<\/div>\n\t\t\t\t\t\t<\/div>\n\t\t\t\t<\/div>\n\t\t\t\t<div class=\"elementor-element elementor-element-5eee960 elementor-widget-tablet__width-initial elementor-tabs-view-horizontal elementor-widget elementor-widget-tabs\" data-id=\"5eee960\" data-element_type=\"widget\" data-widget_type=\"tabs.default\">\n\t\t\t\t<div class=\"elementor-widget-container\">\n\t\t\t\t\t\t\t<div class=\"elementor-tabs\">\n\t\t\t<div class=\"elementor-tabs-wrapper\" role=\"tablist\" >\n\t\t\t\t\t\t\t\t\t<div id=\"elementor-tab-title-9951\" class=\"elementor-tab-title elementor-tab-desktop-title\" aria-selected=\"true\" data-tab=\"1\" role=\"tab\" tabindex=\"0\" aria-controls=\"elementor-tab-content-9951\" aria-expanded=\"false\">J\u00f3venes y adultos<\/div>\n\t\t\t\t\t\t\t\t\t<div id=\"elementor-tab-title-9952\" class=\"elementor-tab-title elementor-tab-desktop-title\" aria-selected=\"false\" data-tab=\"2\" role=\"tab\" tabindex=\"-1\" aria-controls=\"elementor-tab-content-9952\" aria-expanded=\"false\">Ni\u00f1os<\/div>\n\t\t\t\t\t\t\t\t\t<div id=\"elementor-tab-title-9953\" class=\"elementor-tab-title elementor-tab-desktop-title\" aria-selected=\"false\" data-tab=\"3\" role=\"tab\" tabindex=\"-1\" aria-controls=\"elementor-tab-content-9953\" aria-expanded=\"false\">Adolescentes<\/div>\n\t\t\t\t\t\t\t\t\t<div id=\"elementor-tab-title-9954\" class=\"elementor-tab-title elementor-tab-desktop-title\" aria-selected=\"false\" data-tab=\"4\" role=\"tab\" tabindex=\"-1\" aria-controls=\"elementor-tab-content-9954\" aria-expanded=\"false\">Pareja<\/div>\n\t\t\t\t\t\t\t\t\t<div id=\"elementor-tab-title-9955\" class=\"elementor-tab-title elementor-tab-desktop-title\" aria-selected=\"false\" data-tab=\"5\" role=\"tab\" tabindex=\"-1\" aria-controls=\"elementor-tab-content-9955\" aria-expanded=\"false\">Familiar<\/div>\n\t\t\t\t\t\t\t\t\t<div id=\"elementor-tab-title-9956\" class=\"elementor-tab-title elementor-tab-desktop-title\" aria-selected=\"false\" data-tab=\"6\" role=\"tab\" tabindex=\"-1\" aria-controls=\"elementor-tab-content-9956\" aria-expanded=\"false\">Grupal <\/div>\n\t\t\t\t\t\t\t\t\t<div id=\"elementor-tab-title-9957\" class=\"elementor-tab-title elementor-tab-desktop-title\" aria-selected=\"false\" data-tab=\"7\" role=\"tab\" tabindex=\"-1\" aria-controls=\"elementor-tab-content-9957\" aria-expanded=\"false\">Coaching de vida<\/div>\n\t\t\t\t\t\t\t<\/div>\n\t\t\t<div class=\"elementor-tabs-content-wrapper\" role=\"tablist\" aria-orientation=\"vertical\">\n\t\t\t\t\t\t\t\t\t<div class=\"elementor-tab-title elementor-tab-mobile-title\" aria-selected=\"true\" data-tab=\"1\" role=\"tab\" tabindex=\"0\" aria-controls=\"elementor-tab-content-9951\" aria-expanded=\"false\">J\u00f3venes y adultos<\/div>\n\t\t\t\t\t<div id=\"elementor-tab-content-9951\" class=\"elementor-tab-content elementor-clearfix\" data-tab=\"1\" role=\"tabpanel\" aria-labelledby=\"elementor-tab-title-9951\" tabindex=\"0\" hidden=\"false\"><p>Con la terapia se llega al entendimiento, aceptaci\u00f3n, crecimiento y logro de lo que necesita la persona; permite adquirir seguridad, resolver conflictos, comprensi\u00f3n de s\u00ed mismo y su exterior, solucionar situaciones de conflicto en su historia de vida y su presente, ayuda en su autonom\u00eda y confianza, as\u00ed como en el fortalecimiento de su autoestima, lo que le permite finalmente aprender a expresar y regular sus emociones de manera \u00f3ptima.<\/p><\/div>\n\t\t\t\t\t\t\t\t\t<div class=\"elementor-tab-title elementor-tab-mobile-title\" aria-selected=\"false\" data-tab=\"2\" role=\"tab\" tabindex=\"-1\" aria-controls=\"elementor-tab-content-9952\" aria-expanded=\"false\">Ni\u00f1os<\/div>\n\t\t\t\t\t<div id=\"elementor-tab-content-9952\" class=\"elementor-tab-content elementor-clearfix\" data-tab=\"2\" role=\"tabpanel\" aria-labelledby=\"elementor-tab-title-9952\" tabindex=\"0\" hidden=\"hidden\"><ul><li>Se lleva a trav\u00e9s del juego terap\u00e9utico a la expresi\u00f3n de sentimientos, ideas y habilidades emocionales que las utilicen a su favor.<\/li><li>Se realiza una evaluaci\u00f3n seg\u00fan sea necesario, mediante pruebas psicol\u00f3gicas, sesiones con paciente y padres de familia. En base a ello se determina si existe la necesidad de una psicoterapia individual, grupal, talleres, o bien recomendaciones y orientaci\u00f3n familiar para ayudar en la situaci\u00f3n planteada en el motivo de consulta.<\/li><li>Se trabajan las \u00e1reas mental, emocional, corporal y social; donde mediante procesos de juego en psicoterapia de manera vivencial.<\/li><li>Se tienen sesiones con los padres, para dar seguimiento, recomendaciones y orientaci\u00f3n familiar.<\/li><li>De ser necesario se establece contacto con la escuela, enviando y recibiendo informaci\u00f3n con los maestros, con el fin de dar sugerencias que apoyan a la mejora del ni\u00f1o.<\/li><li>Se apoya en sus necesidades entre las cuales se encuentran situaciones como., cuestiones cognitivas, atenci\u00f3n, mejora de autoestima, autoconocimiento, resentimiento, sufrimiento, incomodidad, situaciones emocionales, sociales y\/o conductuales, entre otros.<\/li><\/ul><\/div>\n\t\t\t\t\t\t\t\t\t<div class=\"elementor-tab-title elementor-tab-mobile-title\" aria-selected=\"false\" data-tab=\"3\" role=\"tab\" tabindex=\"-1\" aria-controls=\"elementor-tab-content-9953\" aria-expanded=\"false\">Adolescentes<\/div>\n\t\t\t\t\t<div id=\"elementor-tab-content-9953\" class=\"elementor-tab-content elementor-clearfix\" data-tab=\"3\" role=\"tabpanel\" aria-labelledby=\"elementor-tab-title-9953\" tabindex=\"0\" hidden=\"hidden\"><ul><li>Se tiene un acompa\u00f1amiento en esta etapa tan importante de vida, donde mediante establecer una relaci\u00f3n de confianza se van resolviendo situaciones necesarias de vida, se lleva al autoconocimiento y reflexi\u00f3n, as\u00ed como mejorar en su vida en lo que se requiera.<\/li><li>Se realiza una evaluaci\u00f3n seg\u00fan sea necesario, mediante pruebas psicol\u00f3gicas, sesiones con paciente y padres de familia. En base a ello se determina si existe la necesidad de una psicoterapia individual, grupal, talleres, o bien recomendaciones y orientaci\u00f3n familiar para ayudar en la situaci\u00f3n planteada en el motivo de consulta. De ser necesario se tiene seguimiento escolar.<\/li><li>Se tienen sesiones con los padres, para dar seguimiento, recomendaciones y orientaci\u00f3n familiar.<\/li><li>Se apoya en sus necesidades entre las cuales se encuentran situaciones como seguridad, autoestima, confianza, situaciones acad\u00e9micas, resoluci\u00f3n de conflictos, expresi\u00f3n emocional, manejo de conductas o s\u00edntomas, cuestiones sociales o familiares, entre otros.<\/li><\/ul><\/div>\n\t\t\t\t\t\t\t\t\t<div class=\"elementor-tab-title elementor-tab-mobile-title\" aria-selected=\"false\" data-tab=\"4\" role=\"tab\" tabindex=\"-1\" aria-controls=\"elementor-tab-content-9954\" aria-expanded=\"false\">Pareja<\/div>\n\t\t\t\t\t<div id=\"elementor-tab-content-9954\" class=\"elementor-tab-content elementor-clearfix\" data-tab=\"4\" role=\"tabpanel\" aria-labelledby=\"elementor-tab-title-9954\" tabindex=\"0\" hidden=\"hidden\"><ul>\n<li>La terapia de pareja tiene como objetivo el crecimiento y aprendizaje de ambos, mejorar la relaci\u00f3n, crear una oportunidad para conocerse y crecer juntos, comunicarse y escucharse. Se busca que se identifiquen y compartan necesidades, emociones y pensamientos, que se comprendan y enriquezcan, tomen decisiones y solucionen situaciones necesarias.<\/li>\n<li>Se apoya en diversas necesidades, entre ellas se encuentran: el deseo de mejorar la relaci\u00f3n, dificultades de comunicaci\u00f3n, discusiones frecuentes, falta de acuerdos, problemas con familias de origen, desacuerdos en c\u00f3mo educar a los hijos, insatisfacci\u00f3n en la relaci\u00f3n, resentimientos, celos y distanciamiento afectivo, entre otros.<\/li>\n<\/ul><\/div>\n\t\t\t\t\t\t\t\t\t<div class=\"elementor-tab-title elementor-tab-mobile-title\" aria-selected=\"false\" data-tab=\"5\" role=\"tab\" tabindex=\"-1\" aria-controls=\"elementor-tab-content-9955\" aria-expanded=\"false\">Familiar<\/div>\n\t\t\t\t\t<div id=\"elementor-tab-content-9955\" class=\"elementor-tab-content elementor-clearfix\" data-tab=\"5\" role=\"tabpanel\" aria-labelledby=\"elementor-tab-title-9955\" tabindex=\"0\" hidden=\"hidden\"><p>La asesor\u00eda y acompa\u00f1amiento familiar mejoran calidad de vida de cada persona, buscando la armon\u00eda y bienestar entre los miembros, fortaleciendo los lazos afectivos, solucionando cuestiones familiares, satisfacer necesidades, mejorando los canales de comunicaci\u00f3n, para que la pertenencia y la uni\u00f3n, lleve al crecimiento en conjunto a trav\u00e9s del compartir, dialogar y aprender a escucharse mutuamente.<\/p><\/div>\n\t\t\t\t\t\t\t\t\t<div class=\"elementor-tab-title elementor-tab-mobile-title\" aria-selected=\"false\" data-tab=\"6\" role=\"tab\" tabindex=\"-1\" aria-controls=\"elementor-tab-content-9956\" aria-expanded=\"false\">Grupal <\/div>\n\t\t\t\t\t<div id=\"elementor-tab-content-9956\" class=\"elementor-tab-content elementor-clearfix\" data-tab=\"6\" role=\"tabpanel\" aria-labelledby=\"elementor-tab-title-9956\" tabindex=\"0\" hidden=\"hidden\"><ul>\n<li>Las personas necesitan de variadas experiencias para fluir en su energ\u00eda, amor y su vida en general de manera \u00f3ptima; mediante el juego y ejercicios de psicoterapia grupal a trav\u00e9s del desarrollo de habilidades emocionales, se influye en la motivaci\u00f3n interna la cual ayuda en el crecimiento consigo mismo y con los dem\u00e1s, as\u00ed como en el medio que le rodea; muy efectiva para el trabajo en equipo, seguimiento de reglas y estructura, y habilidades a nivel social-emocional.<\/li>\n<li>Se imparte a ni\u00f1os y adolescentes con el objetivo de mejorar la calidad de vida y resoluci\u00f3n de conflictos o necesidades afectivas en particular, donde el apoyo de la terapia y el grupo logran el bienestar a nivel individual, social, emocional, corporal y mental. Se busca fortalecer las habilidades emocionales para desarrollarse en forma \u00f3ptima e integral, para estar bien consigo mismo y los dem\u00e1s.<\/li>\n<\/ul><\/div>\n\t\t\t\t\t\t\t\t\t<div class=\"elementor-tab-title elementor-tab-mobile-title\" aria-selected=\"false\" data-tab=\"7\" role=\"tab\" tabindex=\"-1\" aria-controls=\"elementor-tab-content-9957\" aria-expanded=\"false\">Coaching de vida<\/div>\n\t\t\t\t\t<div id=\"elementor-tab-content-9957\" class=\"elementor-tab-content elementor-clearfix\" data-tab=\"7\" role=\"tabpanel\" aria-labelledby=\"elementor-tab-title-9957\" tabindex=\"0\" hidden=\"hidden\"><p>Ofrecemos orientaci\u00f3n personal y familiar en necesidades o situaciones de vida en las necesidades que se planteen. Se apoya en el conocimiento, planear objetivos y metas, toma de decisiones y acciones necesarias, desarrollando habilidades y fortalezas.&nbsp;<span style=\"font-style: inherit; font-weight: inherit; color: var( --e-global-color-text );\">Entre estas se encuentran:<\/span><\/p>\n<p>\u2022 Habilidades emocionales.<br>\u2022 Expresi\u00f3n y confianza.<br>\u2022 Comunicaci\u00f3n asertiva.<br>\u2022 Toma de decisiones.<br>\u2022 Resoluci\u00f3n de conflictos.<br>\u2022 Consejer\u00eda y orientaci\u00f3n.<br>\u2022 Conocimiento integral.<br>\u2022 Apoyo en necesidades de la din\u00e1mica.<br>\u2022 Apoyo emocional.<br>\u2022 Nuevos patrones emocionales que promuevan el bienestar de forma positiva.<br>\u2022 Cambios positivos en la interacci\u00f3n.<\/p><\/div>\n\t\t\t\t\t\t\t<\/div>\n\t\t<\/div>\n\t\t\t\t\t\t<\/div>\n\t\t\t\t<\/div>\n\t\t\t\t\t<\/div>\n\t\t<\/div>\n\t\t\t\t<div class=\"elementor-column elementor-col-50 elementor-top-column elementor-element elementor-element-31ed045\" data-id=\"31ed045\" data-element_type=\"column\">\n\t\t\t<div class=\"elementor-widget-wrap\">\n\t\t\t\t\t\t\t<\/div>\n\t\t<\/div>\n\t\t\t\t\t<\/div>\n\t\t<\/section>\n\t\t\t\t<section class=\"elementor-section elementor-top-section elementor-element elementor-element-62d42e4c elementor-section-content-middle elementor-section-boxed elementor-section-height-default elementor-section-height-default\" data-id=\"62d42e4c\" data-element_type=\"section\" data-settings=\"{&quot;background_background&quot;:&quot;classic&quot;}\">\n\t\t\t\t\t\t<div class=\"elementor-container elementor-column-gap-no\">\n\t\t\t\t\t<div class=\"elementor-column elementor-col-50 elementor-top-column elementor-element elementor-element-5189a1d8\" data-id=\"5189a1d8\" data-element_type=\"column\">\n\t\t\t<div class=\"elementor-widget-wrap elementor-element-populated\">\n\t\t\t\t\t\t<div class=\"elementor-element elementor-element-70e7ea4b elementor-widget elementor-widget-heading\" data-id=\"70e7ea4b\" data-element_type=\"widget\" data-widget_type=\"heading.default\">\n\t\t\t\t<div class=\"elementor-widget-container\">\n\t\t\t\t\t<h4 class=\"elementor-heading-title elementor-size-default\">Beneficios<\/h4>\t\t\t\t<\/div>\n\t\t\t\t<\/div>\n\t\t\t\t\t<\/div>\n\t\t<\/div>\n\t\t\t\t<div class=\"elementor-column elementor-col-50 elementor-top-column elementor-element elementor-element-62841f84\" data-id=\"62841f84\" data-element_type=\"column\">\n\t\t\t<div class=\"elementor-widget-wrap elementor-element-populated\">\n\t\t\t\t\t\t<div class=\"elementor-element elementor-element-acfd7e1 elementor-widget elementor-widget-text-editor\" data-id=\"acfd7e1\" data-element_type=\"widget\" data-widget_type=\"text-editor.default\">\n\t\t\t\t<div class=\"elementor-widget-container\">\n\t\t\t\t\t\t\t\t\t<p><ul><li>Diferenciaci\u00f3n, autonom\u00eda y compartir en armon\u00eda.<\/li><li>\nMejorar en diversas \u00e1reas de vida: personal, familiar, laboral, social, mental y corporal.<\/li><li>\nMotivaci\u00f3n.<\/li><li>\nDesarrollar habilidades cognitivas, sociales y emocionales.<\/li><li>\nDesarrollar conciencia sensorial y emocional.<\/li><li>\nAprender a reconocer, aceptar y manejar emociones.<\/li><li>\nContacto afectivo consigo mismo y los dem\u00e1s.<\/li><li>\nTomar\u00e1 conciencia emocional de manera integral sobre la manera en c\u00f3mo \u00e9l funciona y las mejores maneras.<\/li><li>\nDesarrollar nuevas competencias y al m\u00e1ximo su potencial.<\/li><li>\nSanar y aceptar su pasado, vivir su presente y trabajar con motivaci\u00f3n para su futuro.<\/li><li>\nUtilizar sus recursos internos de manera \u00f3ptima.<\/li><li>\nAceptar partes de s\u00ed mismo y su realidad.<\/li><li>\nAdquirir completa responsabilidad de sus emociones, pensamientos y conductas.<\/li><\/ul><\/p>\t\t\t\t\t\t\t\t<\/div>\n\t\t\t\t<\/div>\n\t\t\t\t\t<\/div>\n\t\t<\/div>\n\t\t\t\t\t<\/div>\n\t\t<\/section>\n\t\t\t\t<\/div>\n\t\t","protected":false},"excerpt":{"rendered":"<p>PSICOTERAPIA Los problemas emocionales son dificultades en el proceso de autorregulaci\u00f3n que impiden a las personas desarrollarse de forma adecuada. Es aqu\u00ed donde la psicoterapia permite que la persona se conozca, gestione sus emociones y pensamientos de manera positiva, y aprenda a vivir en equilibrio de manera plena. J\u00f3venes y adultos Ni\u00f1os Adolescentes Pareja Familiar [&hellip;]<\/p>\n","protected":false},"author":1,"featured_media":0,"parent":0,"menu_order":0,"comment_status":"closed","ping_status":"closed","template":"","meta":{"site-sidebar-layout":"no-sidebar","site-content-layout":"page-builder","ast-site-content-layout":"default","site-content-style":"default","site-sidebar-style":"default","ast-global-header-display":"","ast-banner-title-visibility":"","ast-main-header-display":"","ast-hfb-above-header-display":"","ast-hfb-below-header-display":"","ast-hfb-mobile-header-display":"","site-post-title":"disabled","ast-breadcrumbs-content":"","ast-featured-img":"disabled","footer-sml-layout":"","theme-transparent-header-meta":"default","adv-header-id-meta":"","stick-header-meta":"","header-above-stick-meta":"","header-main-stick-meta":"","header-below-stick-meta":"","astra-migrate-meta-layouts":"default","ast-page-background-enabled":"default","ast-page-background-meta":{"desktop":{"background-color":"","background-image":"","background-repeat":"repeat","background-position":"center center","background-size":"auto","background-attachment":"scroll","background-type":"","background-media":"","overlay-type":"","overlay-color":"","overlay-opacity":"","overlay-gradient":""},"tablet":{"background-color":"","background-image":"","background-repeat":"repeat","background-position":"center center","background-size":"auto","background-attachment":"scroll","background-type":"","background-media":"","overlay-type":"","overlay-color":"","overlay-opacity":"","overlay-gradient":""},"mobile":{"background-color":"","background-image":"","background-repeat":"repeat","background-position":"center center","background-size":"auto","background-attachment":"scroll","background-type":"","background-media":"","overlay-type":"","overlay-color":"","overlay-opacity":"","overlay-gradient":""}},"ast-content-background-meta":{"desktop":{"background-color":"var(--ast-global-color-5)","background-image":"","background-repeat":"repeat","background-position":"center center","background-size":"auto","background-attachment":"scroll","background-type":"","background-media":"","overlay-type":"","overlay-color":"","overlay-opacity":"","overlay-gradient":""},"tablet":{"background-color":"var(--ast-global-color-5)","background-image":"","background-repeat":"repeat","background-position":"center center","background-size":"auto","background-attachment":"scroll","background-type":"","background-media":"","overlay-type":"","overlay-color":"","overlay-opacity":"","overlay-gradient":""},"mobile":{"background-color":"var(--ast-global-color-5)","background-image":"","background-repeat":"repeat","background-position":"center center","background-size":"auto","background-attachment":"scroll","background-type":"","background-media":"","overlay-type":"","overlay-color":"","overlay-opacity":"","overlay-gradient":""}},"footnotes":""},"class_list":["post-1052","page","type-page","status-publish","hentry"],"_links":{"self":[{"href":"https:\/\/www.psicree.com\/Propuesta\/wp-json\/wp\/v2\/pages\/1052","targetHints":{"allow":["GET"]}}],"collection":[{"href":"https:\/\/www.psicree.com\/Propuesta\/wp-json\/wp\/v2\/pages"}],"about":[{"href":"https:\/\/www.psicree.com\/Propuesta\/wp-json\/wp\/v2\/types\/page"}],"author":[{"embeddable":true,"href":"https:\/\/www.psicree.com\/Propuesta\/wp-json\/wp\/v2\/users\/1"}],"replies":[{"embeddable":true,"href":"https:\/\/www.psicree.com\/Propuesta\/wp-json\/wp\/v2\/comments?post=1052"}],"version-history":[{"count":23,"href":"https:\/\/www.psicree.com\/Propuesta\/wp-json\/wp\/v2\/pages\/1052\/revisions"}],"predecessor-version":[{"id":1284,"href":"https:\/\/www.psicree.com\/Propuesta\/wp-json\/wp\/v2\/pages\/1052\/revisions\/1284"}],"wp:attachment":[{"href":"https:\/\/www.psicree.com\/Propuesta\/wp-json\/wp\/v2\/media?parent=1052"}],"curies":[{"name":"wp","href":"https:\/\/api.w.org\/{rel}","templated":true}]}}